{"id":192,"date":"2020-01-10T16:38:33","date_gmt":"2020-01-10T15:38:33","guid":{"rendered":"http:\/\/kensington-ma.com\/?page_id=192"},"modified":"2022-10-24T16:12:02","modified_gmt":"2022-10-24T14:12:02","slug":"impressum","status":"publish","type":"page","link":"https:\/\/kensington-ma.com\/cos-finance-unternehmensvermittlung\/impressum\/","title":{"rendered":"Impressum"},"content":{"rendered":"\n\n<style type=\"text\/css\" data-created_by=\"avia_inline_auto\" id=\"style-css-av-av_heading-d5f0db06fc0ee386de8086e5ba490e31\">\n#top .av-special-heading.av-av_heading-d5f0db06fc0ee386de8086e5ba490e31{\npadding-bottom:10px;\n}\nbody .av-special-heading.av-av_heading-d5f0db06fc0ee386de8086e5ba490e31 .av-special-heading-tag .heading-char{\nfont-size:25px;\n}\n.av-special-heading.av-av_heading-d5f0db06fc0ee386de8086e5ba490e31 .av-subheading{\nfont-size:15px;\n}\n<\/style>\n<div  class='av-special-heading av-av_heading-d5f0db06fc0ee386de8086e5ba490e31 av-special-heading-h1  avia-builder-el-1  el_after_av_codeblock  el_before_av_textblock '><h1 class='av-special-heading-tag '  itemprop=\"headline\"  >Impressum<\/h1><div class=\"special-heading-border\"><div class=\"special-heading-inner-border\"><\/div><\/div><\/div>\n<section  class='av_textblock_section av-k58bs4y7-21f25269a6e9d7f406b8ad5f57973127 '   itemscope=\"itemscope\" itemtype=\"https:\/\/schema.org\/CreativeWork\" ><div class='avia_textblock'  itemprop=\"text\" ><p>Inhaber der Domain und Betreiber dieser Website:<\/p>\n<p><strong>COS Finance GmbH<\/strong><br \/>\nLizenzpartner der <span class=\"wrap_brand\">KENSINGTON Mergers &amp; Acquisitions<sup>\u00ae<\/sup><\/span><br \/>\nOffice Kreuzlingen<br \/>\nReutistrasse 3<br \/>\nCH &#8211; 8280 Kreuzlingen<br \/>\n<a href=\"http:\/\/www.kensington-ma.com\/cos-finance-unternehmensvermittlung\">www.kensington-ma.com\/cos-finance-unternehmensvermittlung<\/a><br \/>\n<a href=\"mail&#116;&#111;&#58;&#115;&#46;&#99;&#111;&#x6c;&#x61;&#x6b;&#x40;&#x6b;&#x65;&#x6e;&#x73;&#x69;ngto&#110;&#45;&#109;&#97;&#46;&#99;&#111;&#x6d;\">s&#46;colak&#64;&#107;&#101;&#110;&#115;&#105;&#110;&#103;&#116;&#111;&#110;&#x2d;&#x6d;&#x61;&#x2e;&#x63;&#x6f;&#x6d;<\/a><\/p>\n<p>Gesch\u00e4ftsf\u00fchrerin: Serap Colak<\/p>\n<h3>Haftungshinweis<\/h3>\n<p>Alle auf dieser Website enthaltenen Informationen und Daten d\u00fcrfen ohne die ausdr\u00fcckliche schriftliche Genehmigung des Betreibers weder kopiert, noch heruntergeladen, noch zu anderen Zwecken verwendet werden.<br \/>\nWiderrechtliche Handlungen werden strafrechtlich verfolgt.<\/p>\n<p>MMS-Unternehmensvermittlung \u00fcbernimmt keinerlei Haftung f\u00fcr Aktualit\u00e4t, Vollst\u00e4ndigkeit oder Korrektheit der bereitgestellten Informationen. MMS-Unternehmensvermittlung beh\u00e4lt sich das Recht vor, laufende Inhalte zu \u00e4ndern.<br \/>\nE-Mails die \u00fcber diese Website eingehen werden streng vertraulich behandelt. Ihre E-Mail-Adresse dient nur der internen Verwendung und wird nicht an Dritte weitergegeben, verkauft oder vermietet.<\/p>\n<p>Alle Angaben auf dieser Website sind ohne Gew\u00e4hr.<\/p>\n<p>Alle Rechte vorbehalten.<\/p>\n<\/div><\/section>\n","protected":false},"excerpt":{"rendered":"","protected":false},"author":1,"featured_media":0,"parent":0,"menu_order":0,"comment_status":"closed","ping_status":"open","template":"","meta":{"footnotes":""},"class_list":["post-192","page","type-page","status-publish","hentry"],"acf":[],"yoast_head":"<!-- This site is optimized with the Yoast SEO plugin v26.3 - https:\/\/yoast.com\/wordpress\/plugins\/seo\/ -->\n<title>Impressum - KENSINGTON MA - COS Finance GmbH<\/title>\n<meta name=\"robots\" content=\"noindex, follow, max-snippet:-1, max-image-preview:large, max-video-preview:-1\" \/>\n<meta property=\"og:locale\" content=\"de_DE\" \/>\n<meta property=\"og:type\" content=\"article\" \/>\n<meta property=\"og:title\" content=\"Impressum - KENSINGTON MA - COS Finance GmbH\" \/>\n<meta property=\"og:url\" content=\"https:\/\/kensington-ma.com\/cos-finance-unternehmensvermittlung\/impressum\/\" \/>\n<meta property=\"og:site_name\" content=\"KENSINGTON MA - COS Finance GmbH\" \/>\n<meta property=\"article:modified_time\" content=\"2022-10-24T14:12:02+00:00\" \/>\n<meta name=\"twitter:card\" content=\"summary_large_image\" \/>\n<meta name=\"twitter:label1\" content=\"Gesch\u00e4tzte Lesezeit\" \/>\n\t<meta name=\"twitter:data1\" content=\"1\u00a0Minute\" \/>\n<script type=\"application\/ld+json\" class=\"yoast-schema-graph\">{\"@context\":\"https:\/\/schema.org\",\"@graph\":[{\"@type\":\"WebPage\",\"@id\":\"https:\/\/kensington-ma.com\/cos-finance-unternehmensvermittlung\/impressum\/\",\"url\":\"https:\/\/kensington-ma.com\/cos-finance-unternehmensvermittlung\/impressum\/\",\"name\":\"Impressum - KENSINGTON MA - COS Finance GmbH\",\"isPartOf\":{\"@id\":\"https:\/\/kensington-ma.com\/cos-finance-unternehmensvermittlung\/#website\"},\"datePublished\":\"2020-01-10T15:38:33+00:00\",\"dateModified\":\"2022-10-24T14:12:02+00:00\",\"breadcrumb\":{\"@id\":\"https:\/\/kensington-ma.com\/cos-finance-unternehmensvermittlung\/impressum\/#breadcrumb\"},\"inLanguage\":\"de\",\"potentialAction\":[{\"@type\":\"ReadAction\",\"target\":[\"https:\/\/kensington-ma.com\/cos-finance-unternehmensvermittlung\/impressum\/\"]}]},{\"@type\":\"BreadcrumbList\",\"@id\":\"https:\/\/kensington-ma.com\/cos-finance-unternehmensvermittlung\/impressum\/#breadcrumb\",\"itemListElement\":[{\"@type\":\"ListItem\",\"position\":1,\"name\":\"Startseite\",\"item\":\"https:\/\/kensington-ma.com\/cos-finance-unternehmensvermittlung\/\"},{\"@type\":\"ListItem\",\"position\":2,\"name\":\"Impressum\"}]},{\"@type\":\"WebSite\",\"@id\":\"https:\/\/kensington-ma.com\/cos-finance-unternehmensvermittlung\/#website\",\"url\":\"https:\/\/kensington-ma.com\/cos-finance-unternehmensvermittlung\/\",\"name\":\"KENSINGTON MA - COS Finance GmbH\",\"description\":\"\",\"potentialAction\":[{\"@type\":\"SearchAction\",\"target\":{\"@type\":\"EntryPoint\",\"urlTemplate\":\"https:\/\/kensington-ma.com\/cos-finance-unternehmensvermittlung\/?s={search_term_string}\"},\"query-input\":{\"@type\":\"PropertyValueSpecification\",\"valueRequired\":true,\"valueName\":\"search_term_string\"}}],\"inLanguage\":\"de\"}]}<\/script>\n<!-- \/ Yoast SEO plugin. -->","yoast_head_json":{"title":"Impressum - KENSINGTON MA - COS Finance GmbH","robots":{"index":"noindex","follow":"follow","max-snippet":"max-snippet:-1","max-image-preview":"max-image-preview:large","max-video-preview":"max-video-preview:-1"},"og_locale":"de_DE","og_type":"article","og_title":"Impressum - KENSINGTON MA - COS Finance GmbH","og_url":"https:\/\/kensington-ma.com\/cos-finance-unternehmensvermittlung\/impressum\/","og_site_name":"KENSINGTON MA - COS Finance GmbH","article_modified_time":"2022-10-24T14:12:02+00:00","twitter_card":"summary_large_image","twitter_misc":{"Gesch\u00e4tzte Lesezeit":"1\u00a0Minute"},"schema":{"@context":"https:\/\/schema.org","@graph":[{"@type":"WebPage","@id":"https:\/\/kensington-ma.com\/cos-finance-unternehmensvermittlung\/impressum\/","url":"https:\/\/kensington-ma.com\/cos-finance-unternehmensvermittlung\/impressum\/","name":"Impressum - KENSINGTON MA - COS Finance GmbH","isPartOf":{"@id":"https:\/\/kensington-ma.com\/cos-finance-unternehmensvermittlung\/#website"},"datePublished":"2020-01-10T15:38:33+00:00","dateModified":"2022-10-24T14:12:02+00:00","breadcrumb":{"@id":"https:\/\/kensington-ma.com\/cos-finance-unternehmensvermittlung\/impressum\/#breadcrumb"},"inLanguage":"de","potentialAction":[{"@type":"ReadAction","target":["https:\/\/kensington-ma.com\/cos-finance-unternehmensvermittlung\/impressum\/"]}]},{"@type":"BreadcrumbList","@id":"https:\/\/kensington-ma.com\/cos-finance-unternehmensvermittlung\/impressum\/#breadcrumb","itemListElement":[{"@type":"ListItem","position":1,"name":"Startseite","item":"https:\/\/kensington-ma.com\/cos-finance-unternehmensvermittlung\/"},{"@type":"ListItem","position":2,"name":"Impressum"}]},{"@type":"WebSite","@id":"https:\/\/kensington-ma.com\/cos-finance-unternehmensvermittlung\/#website","url":"https:\/\/kensington-ma.com\/cos-finance-unternehmensvermittlung\/","name":"KENSINGTON MA - COS Finance GmbH","description":"","potentialAction":[{"@type":"SearchAction","target":{"@type":"EntryPoint","urlTemplate":"https:\/\/kensington-ma.com\/cos-finance-unternehmensvermittlung\/?s={search_term_string}"},"query-input":{"@type":"PropertyValueSpecification","valueRequired":true,"valueName":"search_term_string"}}],"inLanguage":"de"}]}},"_links":{"self":[{"href":"https:\/\/kensington-ma.com\/cos-finance-unternehmensvermittlung\/wp-json\/wp\/v2\/pages\/192","targetHints":{"allow":["GET"]}}],"collection":[{"href":"https:\/\/kensington-ma.com\/cos-finance-unternehmensvermittlung\/wp-json\/wp\/v2\/pages"}],"about":[{"href":"https:\/\/kensington-ma.com\/cos-finance-unternehmensvermittlung\/wp-json\/wp\/v2\/types\/page"}],"author":[{"embeddable":true,"href":"https:\/\/kensington-ma.com\/cos-finance-unternehmensvermittlung\/wp-json\/wp\/v2\/users\/1"}],"replies":[{"embeddable":true,"href":"https:\/\/kensington-ma.com\/cos-finance-unternehmensvermittlung\/wp-json\/wp\/v2\/comments?post=192"}],"version-history":[{"count":0,"href":"https:\/\/kensington-ma.com\/cos-finance-unternehmensvermittlung\/wp-json\/wp\/v2\/pages\/192\/revisions"}],"wp:attachment":[{"href":"https:\/\/kensington-ma.com\/cos-finance-unternehmensvermittlung\/wp-json\/wp\/v2\/media?parent=192"}],"curies":[{"name":"wp","href":"https:\/\/api.w.org\/{rel}","templated":true}]}}