{"id":192,"date":"2020-01-10T16:38:33","date_gmt":"2020-01-10T15:38:33","guid":{"rendered":"http:\/\/kensington-ma.com\/?page_id=192"},"modified":"2023-07-03T15:51:49","modified_gmt":"2023-07-03T13:51:49","slug":"impressum","status":"publish","type":"page","link":"https:\/\/kensington-ma.com\/cbluethner-unternehmensvermittlung\/impressum\/","title":{"rendered":"Impressum"},"content":{"rendered":"\n\n<style type=\"text\/css\" data-created_by=\"avia_inline_auto\" id=\"style-css-av-9nfv4-b9efdc7d1144feb4b6abbe5e4b4c3a52\">\n#top .av-special-heading.av-9nfv4-b9efdc7d1144feb4b6abbe5e4b4c3a52{\npadding-bottom:10px;\n}\nbody .av-special-heading.av-9nfv4-b9efdc7d1144feb4b6abbe5e4b4c3a52 .av-special-heading-tag .heading-char{\nfont-size:25px;\n}\n.av-special-heading.av-9nfv4-b9efdc7d1144feb4b6abbe5e4b4c3a52 .av-subheading{\nfont-size:15px;\n}\n<\/style>\n<div  class='av-special-heading av-9nfv4-b9efdc7d1144feb4b6abbe5e4b4c3a52 av-special-heading-h1  avia-builder-el-1  el_after_av_codeblock  el_before_av_textblock '><h1 class='av-special-heading-tag '  itemprop=\"headline\"  >Impressum<\/h1><div class=\"special-heading-border\"><div class=\"special-heading-inner-border\"><\/div><\/div><\/div>\n<section  class='av_textblock_section av-k58bs4y7-7a4deb3a3340bab5112b09764f1a4fee '   itemscope=\"itemscope\" itemtype=\"https:\/\/schema.org\/CreativeWork\" ><div class='avia_textblock'  itemprop=\"text\" ><p>Inhaber der Domain und Betreiber dieser Website:<\/p>\n<p><strong>Cornelius Bl\u00fcthner Unternehmensvermittlung<\/strong><br \/>\nLizenzpartner der <span class=\"wrap_brand\">KENSINGTON Mergers &amp; Acquisitions<sup>\u00ae<\/sup><\/span><br \/>\nAlbisstrasse 25<br \/>\n8038 Z\u00fcrich<br \/>\n+41 79 657 29 25<br \/>\n+49 152 527 157 96<br \/>\n<a href=\"https:\/\/kensington-ma.com\/cbluethner-unternehmensvermittlung\/\">www.kensington-ma.com\/CBluethner-unternehmensvermittlung\/<\/a><br \/>\n<a href=\"&#x6d;&#97;i&#x6c;&#116;o&#x3a;&#99;&#46;&#x42;&#x6c;&#117;&#x65;&#x74;&#104;n&#x65;&#114;&#64;&#x6b;&#101;n&#x73;&#x69;&#110;&#x67;&#x74;&#111;n&#x2d;&#109;a&#x2e;&#99;o&#x6d;\">&#x63;&#x2e;&#x42;&#x6c;&#x75;&#x65;&#x74;&#x68;&#x6e;&#x65;&#x72;&#x40;&#x6b;&#x65;&#x6e;&#x73;&#x69;&#x6e;&#x67;&#x74;&#x6f;&#x6e;&#x2d;&#x6d;&#x61;&#x2e;&#x63;&#x6f;&#x6d;<\/a><\/p>\n<p>Gesch\u00e4ftsf\u00fchrer: Matthias Reetz<\/p>\n<h3>Haftungshinweis<\/h3>\n<p>Alle auf dieser Website enthaltenen Informationen und Daten d\u00fcrfen ohne die ausdr\u00fcckliche schriftliche Genehmigung des Betreibers weder kopiert, noch heruntergeladen, noch zu anderen Zwecken verwendet werden.<br \/>\nWiderrechtliche Handlungen werden strafrechtlich verfolgt.<\/p>\n<p>MMS-Unternehmensvermittlung \u00fcbernimmt keinerlei Haftung f\u00fcr Aktualit\u00e4t, Vollst\u00e4ndigkeit oder Korrektheit der bereitgestellten Informationen. MMS-Unternehmensvermittlung beh\u00e4lt sich das Recht vor, laufende Inhalte zu \u00e4ndern.<br \/>\nE-Mails die \u00fcber diese Website eingehen werden streng vertraulich behandelt. Ihre E-Mail-Adresse dient nur der internen Verwendung und wird nicht an Dritte weitergegeben, verkauft oder vermietet.<\/p>\n<p>Alle Angaben auf dieser Website sind ohne Gew\u00e4hr.<\/p>\n<p>Alle Rechte vorbehalten.<\/p>\n<\/div><\/section>\n","protected":false},"excerpt":{"rendered":"","protected":false},"author":1,"featured_media":0,"parent":0,"menu_order":0,"comment_status":"closed","ping_status":"open","template":"","meta":{"footnotes":""},"class_list":["post-192","page","type-page","status-publish","hentry"],"acf":[],"yoast_head":"<!-- This site is optimized with the Yoast SEO plugin v26.3 - https:\/\/yoast.com\/wordpress\/plugins\/seo\/ -->\n<title>Impressum - KENSINGTON MA - Cornelius Bl\u00fcthner Unternehmensvermittlung<\/title>\n<meta name=\"robots\" content=\"index, follow, max-snippet:-1, max-image-preview:large, max-video-preview:-1\" \/>\n<link rel=\"canonical\" href=\"https:\/\/kensington-ma.com\/cbluethner-unternehmensvermittlung\/impressum\/\" \/>\n<meta property=\"og:locale\" content=\"de_DE\" \/>\n<meta property=\"og:type\" content=\"article\" \/>\n<meta property=\"og:title\" content=\"Impressum - KENSINGTON MA - Cornelius Bl\u00fcthner Unternehmensvermittlung\" \/>\n<meta property=\"og:url\" content=\"https:\/\/kensington-ma.com\/cbluethner-unternehmensvermittlung\/impressum\/\" \/>\n<meta property=\"og:site_name\" content=\"KENSINGTON MA - Cornelius Bl\u00fcthner Unternehmensvermittlung\" \/>\n<meta property=\"article:modified_time\" content=\"2023-07-03T13:51:49+00:00\" \/>\n<meta name=\"twitter:card\" content=\"summary_large_image\" \/>\n<meta name=\"twitter:label1\" content=\"Gesch\u00e4tzte Lesezeit\" \/>\n\t<meta name=\"twitter:data1\" content=\"1\u00a0Minute\" \/>\n<script type=\"application\/ld+json\" class=\"yoast-schema-graph\">{\"@context\":\"https:\/\/schema.org\",\"@graph\":[{\"@type\":\"WebPage\",\"@id\":\"https:\/\/kensington-ma.com\/cbluethner-unternehmensvermittlung\/impressum\/\",\"url\":\"https:\/\/kensington-ma.com\/cbluethner-unternehmensvermittlung\/impressum\/\",\"name\":\"Impressum - KENSINGTON MA - Cornelius Bl\u00fcthner Unternehmensvermittlung\",\"isPartOf\":{\"@id\":\"https:\/\/kensington-ma.com\/cbluethner-unternehmensvermittlung\/#website\"},\"datePublished\":\"2020-01-10T15:38:33+00:00\",\"dateModified\":\"2023-07-03T13:51:49+00:00\",\"breadcrumb\":{\"@id\":\"https:\/\/kensington-ma.com\/cbluethner-unternehmensvermittlung\/impressum\/#breadcrumb\"},\"inLanguage\":\"de\",\"potentialAction\":[{\"@type\":\"ReadAction\",\"target\":[\"https:\/\/kensington-ma.com\/cbluethner-unternehmensvermittlung\/impressum\/\"]}]},{\"@type\":\"BreadcrumbList\",\"@id\":\"https:\/\/kensington-ma.com\/cbluethner-unternehmensvermittlung\/impressum\/#breadcrumb\",\"itemListElement\":[{\"@type\":\"ListItem\",\"position\":1,\"name\":\"Startseite\",\"item\":\"https:\/\/kensington-ma.com\/cbluethner-unternehmensvermittlung\/\"},{\"@type\":\"ListItem\",\"position\":2,\"name\":\"Impressum\"}]},{\"@type\":\"WebSite\",\"@id\":\"https:\/\/kensington-ma.com\/cbluethner-unternehmensvermittlung\/#website\",\"url\":\"https:\/\/kensington-ma.com\/cbluethner-unternehmensvermittlung\/\",\"name\":\"KENSINGTON MA - Cornelius Bl\u00fcthner Unternehmensvermittlung\",\"description\":\"\",\"potentialAction\":[{\"@type\":\"SearchAction\",\"target\":{\"@type\":\"EntryPoint\",\"urlTemplate\":\"https:\/\/kensington-ma.com\/cbluethner-unternehmensvermittlung\/?s={search_term_string}\"},\"query-input\":{\"@type\":\"PropertyValueSpecification\",\"valueRequired\":true,\"valueName\":\"search_term_string\"}}],\"inLanguage\":\"de\"}]}<\/script>\n<!-- \/ Yoast SEO plugin. -->","yoast_head_json":{"title":"Impressum - KENSINGTON MA - Cornelius Bl\u00fcthner Unternehmensvermittlung","robots":{"index":"index","follow":"follow","max-snippet":"max-snippet:-1","max-image-preview":"max-image-preview:large","max-video-preview":"max-video-preview:-1"},"canonical":"https:\/\/kensington-ma.com\/cbluethner-unternehmensvermittlung\/impressum\/","og_locale":"de_DE","og_type":"article","og_title":"Impressum - KENSINGTON MA - Cornelius Bl\u00fcthner Unternehmensvermittlung","og_url":"https:\/\/kensington-ma.com\/cbluethner-unternehmensvermittlung\/impressum\/","og_site_name":"KENSINGTON MA - Cornelius Bl\u00fcthner Unternehmensvermittlung","article_modified_time":"2023-07-03T13:51:49+00:00","twitter_card":"summary_large_image","twitter_misc":{"Gesch\u00e4tzte Lesezeit":"1\u00a0Minute"},"schema":{"@context":"https:\/\/schema.org","@graph":[{"@type":"WebPage","@id":"https:\/\/kensington-ma.com\/cbluethner-unternehmensvermittlung\/impressum\/","url":"https:\/\/kensington-ma.com\/cbluethner-unternehmensvermittlung\/impressum\/","name":"Impressum - KENSINGTON MA - Cornelius Bl\u00fcthner Unternehmensvermittlung","isPartOf":{"@id":"https:\/\/kensington-ma.com\/cbluethner-unternehmensvermittlung\/#website"},"datePublished":"2020-01-10T15:38:33+00:00","dateModified":"2023-07-03T13:51:49+00:00","breadcrumb":{"@id":"https:\/\/kensington-ma.com\/cbluethner-unternehmensvermittlung\/impressum\/#breadcrumb"},"inLanguage":"de","potentialAction":[{"@type":"ReadAction","target":["https:\/\/kensington-ma.com\/cbluethner-unternehmensvermittlung\/impressum\/"]}]},{"@type":"BreadcrumbList","@id":"https:\/\/kensington-ma.com\/cbluethner-unternehmensvermittlung\/impressum\/#breadcrumb","itemListElement":[{"@type":"ListItem","position":1,"name":"Startseite","item":"https:\/\/kensington-ma.com\/cbluethner-unternehmensvermittlung\/"},{"@type":"ListItem","position":2,"name":"Impressum"}]},{"@type":"WebSite","@id":"https:\/\/kensington-ma.com\/cbluethner-unternehmensvermittlung\/#website","url":"https:\/\/kensington-ma.com\/cbluethner-unternehmensvermittlung\/","name":"KENSINGTON MA - Cornelius Bl\u00fcthner Unternehmensvermittlung","description":"","potentialAction":[{"@type":"SearchAction","target":{"@type":"EntryPoint","urlTemplate":"https:\/\/kensington-ma.com\/cbluethner-unternehmensvermittlung\/?s={search_term_string}"},"query-input":{"@type":"PropertyValueSpecification","valueRequired":true,"valueName":"search_term_string"}}],"inLanguage":"de"}]}},"_links":{"self":[{"href":"https:\/\/kensington-ma.com\/cbluethner-unternehmensvermittlung\/wp-json\/wp\/v2\/pages\/192","targetHints":{"allow":["GET"]}}],"collection":[{"href":"https:\/\/kensington-ma.com\/cbluethner-unternehmensvermittlung\/wp-json\/wp\/v2\/pages"}],"about":[{"href":"https:\/\/kensington-ma.com\/cbluethner-unternehmensvermittlung\/wp-json\/wp\/v2\/types\/page"}],"author":[{"embeddable":true,"href":"https:\/\/kensington-ma.com\/cbluethner-unternehmensvermittlung\/wp-json\/wp\/v2\/users\/1"}],"replies":[{"embeddable":true,"href":"https:\/\/kensington-ma.com\/cbluethner-unternehmensvermittlung\/wp-json\/wp\/v2\/comments?post=192"}],"version-history":[{"count":0,"href":"https:\/\/kensington-ma.com\/cbluethner-unternehmensvermittlung\/wp-json\/wp\/v2\/pages\/192\/revisions"}],"wp:attachment":[{"href":"https:\/\/kensington-ma.com\/cbluethner-unternehmensvermittlung\/wp-json\/wp\/v2\/media?parent=192"}],"curies":[{"name":"wp","href":"https:\/\/api.w.org\/{rel}","templated":true}]}}