{"id":192,"date":"2020-01-10T16:38:33","date_gmt":"2020-01-10T15:38:33","guid":{"rendered":"http:\/\/kensington-ma.com\/?page_id=192"},"modified":"2022-05-30T09:42:10","modified_gmt":"2022-05-30T07:42:10","slug":"impressum","status":"publish","type":"page","link":"https:\/\/kensington-ma.com\/4ab-unternehmensvermittlung\/impressum\/","title":{"rendered":"Impressum"},"content":{"rendered":"\n\n<style type=\"text\/css\" data-created_by=\"avia_inline_auto\" id=\"style-css-av-av_heading-d5f0db06fc0ee386de8086e5ba490e31\">\n#top .av-special-heading.av-av_heading-d5f0db06fc0ee386de8086e5ba490e31{\npadding-bottom:10px;\n}\nbody .av-special-heading.av-av_heading-d5f0db06fc0ee386de8086e5ba490e31 .av-special-heading-tag .heading-char{\nfont-size:25px;\n}\n.av-special-heading.av-av_heading-d5f0db06fc0ee386de8086e5ba490e31 .av-subheading{\nfont-size:15px;\n}\n<\/style>\n<div  class='av-special-heading av-av_heading-d5f0db06fc0ee386de8086e5ba490e31 av-special-heading-h1  avia-builder-el-1  el_after_av_codeblock  el_before_av_textblock '><h1 class='av-special-heading-tag '  itemprop=\"headline\"  >Impressum<\/h1><div class=\"special-heading-border\"><div class=\"special-heading-inner-border\"><\/div><\/div><\/div>\n<section  class='av_textblock_section av-k58bs4y7-21f25269a6e9d7f406b8ad5f57973127 '   itemscope=\"itemscope\" itemtype=\"https:\/\/schema.org\/CreativeWork\" ><div class='avia_textblock'  itemprop=\"text\" ><p>Inhaber der Domain und Betreiber dieser Website:<\/p>\n<p><strong>4A+B CONSULTING GMBH<\/strong><br \/>\nPartner von <span class=\"wrap_brand\">KENSINGTON Mergers &amp; Acquisitions<sup>\u00ae<\/sup><\/span><br \/>\nIndustriestra\u00dfe 19 48308 Senden<br \/>\nTel. <a href=\"tel:004925976372\">+49 2597\/6372<\/a><br \/>\nMobil <a href=\"tel:00491718003209\">+49 171\/ 8003209<\/a><br \/>\n<a href=\"http:\/\/www.kensington-ma.com\/4AB-Unternehmensvermittlung\">www.kensington-ma.com\/4AB-Unternehmensvermittlung<\/a><br \/>\n<a href=\"m&#97;&#x69;&#x6c;t&#111;&#58;&#x6c;&#x2e;k&#117;&#x62;&#x69;c&#104;&#64;&#x6b;&#x65;n&#115;&#x69;&#x6e;g&#116;&#111;&#x6e;&#x2d;m&#97;&#x2e;&#x63;o&#109;\">&#x6c;&#x2e;&#x6b;&#x75;&#x62;&#x69;&#x63;&#x68;&#x40;&#x6b;&#x65;&#x6e;&#x73;&#x69;&#x6e;&#x67;&#x74;&#x6f;&#x6e;&#x2d;&#x6d;&#x61;&#x2e;&#x63;&#x6f;&#x6d;<\/a><br \/>\n<a href=\"&#x6d;&#97;i&#x6c;&#116;o&#x3a;&#x6d;&#46;&#x68;&#x61;&#101;r&#x74;&#101;l&#x40;&#x6b;&#101;&#x6e;&#x73;&#105;n&#x67;&#116;o&#x6e;&#x2d;&#109;&#x61;&#x2e;&#99;o&#x6d;\">&#x6d;&#x2e;&#x68;&#x61;&#x65;&#x72;&#116;&#101;&#108;&#64;kens&#x69;&#x6e;&#x67;&#x74;&#x6f;&#x6e;&#45;&#109;&#97;&#46;&#99;om<\/a><\/p>\n<p>Gesch\u00e4ftsf\u00fchrer: Martin H\u00e4rtel &amp; Lukas Kubich<\/p>\n<h3>Haftungshinweis<\/h3>\n<p>Alle auf dieser Website enthaltenen Informationen und Daten d\u00fcrfen ohne die ausdr\u00fcckliche schriftliche Genehmigung des Betreibers weder kopiert, noch heruntergeladen, noch zu anderen Zwecken verwendet werden.<br \/>\nWiderrechtliche Handlungen werden strafrechtlich verfolgt.<\/p>\n<p>MMS-Unternehmensvermittlung \u00fcbernimmt keinerlei Haftung f\u00fcr Aktualit\u00e4t, Vollst\u00e4ndigkeit oder Korrektheit der bereitgestellten Informationen. MMS-Unternehmensvermittlung beh\u00e4lt sich das Recht vor, laufende Inhalte zu \u00e4ndern.<br \/>\nE-Mails die \u00fcber diese Website eingehen werden streng vertraulich behandelt. Ihre E-Mail-Adresse dient nur der internen Verwendung und wird nicht an Dritte weitergegeben, verkauft oder vermietet.<\/p>\n<p>Alle Angaben auf dieser Website sind ohne Gew\u00e4hr.<\/p>\n<p>Alle Rechte vorbehalten.<\/p>\n<\/div><\/section>\n","protected":false},"excerpt":{"rendered":"","protected":false},"author":1,"featured_media":0,"parent":0,"menu_order":0,"comment_status":"closed","ping_status":"open","template":"","meta":{"footnotes":""},"class_list":["post-192","page","type-page","status-publish","hentry"],"acf":[],"yoast_head":"<!-- This site is optimized with the Yoast SEO plugin v26.3 - https:\/\/yoast.com\/wordpress\/plugins\/seo\/ -->\n<title>Impressum - 4AB-Unternehmensvermittlung<\/title>\n<meta name=\"robots\" content=\"index, follow, max-snippet:-1, max-image-preview:large, max-video-preview:-1\" \/>\n<link rel=\"canonical\" href=\"https:\/\/kensington-ma.com\/4ab-unternehmensvermittlung\/impressum\/\" \/>\n<meta property=\"og:locale\" content=\"de_DE\" \/>\n<meta property=\"og:type\" content=\"article\" \/>\n<meta property=\"og:title\" content=\"Impressum - 4AB-Unternehmensvermittlung\" \/>\n<meta property=\"og:url\" content=\"https:\/\/kensington-ma.com\/4ab-unternehmensvermittlung\/impressum\/\" \/>\n<meta property=\"og:site_name\" content=\"4AB-Unternehmensvermittlung\" \/>\n<meta property=\"article:modified_time\" content=\"2022-05-30T07:42:10+00:00\" \/>\n<meta name=\"twitter:card\" content=\"summary_large_image\" \/>\n<meta name=\"twitter:label1\" content=\"Gesch\u00e4tzte Lesezeit\" \/>\n\t<meta name=\"twitter:data1\" content=\"1\u00a0Minute\" \/>\n<script type=\"application\/ld+json\" class=\"yoast-schema-graph\">{\"@context\":\"https:\/\/schema.org\",\"@graph\":[{\"@type\":\"WebPage\",\"@id\":\"https:\/\/kensington-ma.com\/4ab-unternehmensvermittlung\/impressum\/\",\"url\":\"https:\/\/kensington-ma.com\/4ab-unternehmensvermittlung\/impressum\/\",\"name\":\"Impressum - 4AB-Unternehmensvermittlung\",\"isPartOf\":{\"@id\":\"https:\/\/kensington-ma.com\/4ab-unternehmensvermittlung\/#website\"},\"datePublished\":\"2020-01-10T15:38:33+00:00\",\"dateModified\":\"2022-05-30T07:42:10+00:00\",\"breadcrumb\":{\"@id\":\"https:\/\/kensington-ma.com\/4ab-unternehmensvermittlung\/impressum\/#breadcrumb\"},\"inLanguage\":\"de\",\"potentialAction\":[{\"@type\":\"ReadAction\",\"target\":[\"https:\/\/kensington-ma.com\/4ab-unternehmensvermittlung\/impressum\/\"]}]},{\"@type\":\"BreadcrumbList\",\"@id\":\"https:\/\/kensington-ma.com\/4ab-unternehmensvermittlung\/impressum\/#breadcrumb\",\"itemListElement\":[{\"@type\":\"ListItem\",\"position\":1,\"name\":\"Startseite\",\"item\":\"https:\/\/kensington-ma.com\/4ab-unternehmensvermittlung\/\"},{\"@type\":\"ListItem\",\"position\":2,\"name\":\"Impressum\"}]},{\"@type\":\"WebSite\",\"@id\":\"https:\/\/kensington-ma.com\/4ab-unternehmensvermittlung\/#website\",\"url\":\"https:\/\/kensington-ma.com\/4ab-unternehmensvermittlung\/\",\"name\":\"4AB-Unternehmensvermittlung\",\"description\":\"\",\"potentialAction\":[{\"@type\":\"SearchAction\",\"target\":{\"@type\":\"EntryPoint\",\"urlTemplate\":\"https:\/\/kensington-ma.com\/4ab-unternehmensvermittlung\/?s={search_term_string}\"},\"query-input\":{\"@type\":\"PropertyValueSpecification\",\"valueRequired\":true,\"valueName\":\"search_term_string\"}}],\"inLanguage\":\"de\"}]}<\/script>\n<!-- \/ Yoast SEO plugin. -->","yoast_head_json":{"title":"Impressum - 4AB-Unternehmensvermittlung","robots":{"index":"index","follow":"follow","max-snippet":"max-snippet:-1","max-image-preview":"max-image-preview:large","max-video-preview":"max-video-preview:-1"},"canonical":"https:\/\/kensington-ma.com\/4ab-unternehmensvermittlung\/impressum\/","og_locale":"de_DE","og_type":"article","og_title":"Impressum - 4AB-Unternehmensvermittlung","og_url":"https:\/\/kensington-ma.com\/4ab-unternehmensvermittlung\/impressum\/","og_site_name":"4AB-Unternehmensvermittlung","article_modified_time":"2022-05-30T07:42:10+00:00","twitter_card":"summary_large_image","twitter_misc":{"Gesch\u00e4tzte Lesezeit":"1\u00a0Minute"},"schema":{"@context":"https:\/\/schema.org","@graph":[{"@type":"WebPage","@id":"https:\/\/kensington-ma.com\/4ab-unternehmensvermittlung\/impressum\/","url":"https:\/\/kensington-ma.com\/4ab-unternehmensvermittlung\/impressum\/","name":"Impressum - 4AB-Unternehmensvermittlung","isPartOf":{"@id":"https:\/\/kensington-ma.com\/4ab-unternehmensvermittlung\/#website"},"datePublished":"2020-01-10T15:38:33+00:00","dateModified":"2022-05-30T07:42:10+00:00","breadcrumb":{"@id":"https:\/\/kensington-ma.com\/4ab-unternehmensvermittlung\/impressum\/#breadcrumb"},"inLanguage":"de","potentialAction":[{"@type":"ReadAction","target":["https:\/\/kensington-ma.com\/4ab-unternehmensvermittlung\/impressum\/"]}]},{"@type":"BreadcrumbList","@id":"https:\/\/kensington-ma.com\/4ab-unternehmensvermittlung\/impressum\/#breadcrumb","itemListElement":[{"@type":"ListItem","position":1,"name":"Startseite","item":"https:\/\/kensington-ma.com\/4ab-unternehmensvermittlung\/"},{"@type":"ListItem","position":2,"name":"Impressum"}]},{"@type":"WebSite","@id":"https:\/\/kensington-ma.com\/4ab-unternehmensvermittlung\/#website","url":"https:\/\/kensington-ma.com\/4ab-unternehmensvermittlung\/","name":"4AB-Unternehmensvermittlung","description":"","potentialAction":[{"@type":"SearchAction","target":{"@type":"EntryPoint","urlTemplate":"https:\/\/kensington-ma.com\/4ab-unternehmensvermittlung\/?s={search_term_string}"},"query-input":{"@type":"PropertyValueSpecification","valueRequired":true,"valueName":"search_term_string"}}],"inLanguage":"de"}]}},"_links":{"self":[{"href":"https:\/\/kensington-ma.com\/4ab-unternehmensvermittlung\/wp-json\/wp\/v2\/pages\/192","targetHints":{"allow":["GET"]}}],"collection":[{"href":"https:\/\/kensington-ma.com\/4ab-unternehmensvermittlung\/wp-json\/wp\/v2\/pages"}],"about":[{"href":"https:\/\/kensington-ma.com\/4ab-unternehmensvermittlung\/wp-json\/wp\/v2\/types\/page"}],"author":[{"embeddable":true,"href":"https:\/\/kensington-ma.com\/4ab-unternehmensvermittlung\/wp-json\/wp\/v2\/users\/1"}],"replies":[{"embeddable":true,"href":"https:\/\/kensington-ma.com\/4ab-unternehmensvermittlung\/wp-json\/wp\/v2\/comments?post=192"}],"version-history":[{"count":0,"href":"https:\/\/kensington-ma.com\/4ab-unternehmensvermittlung\/wp-json\/wp\/v2\/pages\/192\/revisions"}],"wp:attachment":[{"href":"https:\/\/kensington-ma.com\/4ab-unternehmensvermittlung\/wp-json\/wp\/v2\/media?parent=192"}],"curies":[{"name":"wp","href":"https:\/\/api.w.org\/{rel}","templated":true}]}}